{"id":660,"date":"2024-12-17T12:58:03","date_gmt":"2024-12-17T11:58:03","guid":{"rendered":"https:\/\/www.eurolux-cookware.com\/imprint\/"},"modified":"2025-01-28T13:02:57","modified_gmt":"2025-01-28T12:02:57","slug":"imprint","status":"publish","type":"page","link":"https:\/\/www.eurolux-cookware.com\/en\/imprint\/","title":{"rendered":"Imprint"},"content":{"rendered":"<p>[et_pb_section fb_built=&#8221;1&#8243; admin_label=&#8221;section&#8221; _builder_version=&#8221;4.16&#8243; global_colors_info=&#8221;{}&#8221;][et_pb_row admin_label=&#8221;row&#8221; _builder_version=&#8221;4.16&#8243; background_size=&#8221;initial&#8221; background_position=&#8221;top_left&#8221; background_repeat=&#8221;repeat&#8221; global_colors_info=&#8221;{}&#8221;][et_pb_column type=&#8221;4_4&#8243; _builder_version=&#8221;4.16&#8243; custom_padding=&#8221;|||&#8221; global_colors_info=&#8221;{}&#8221; custom_padding__hover=&#8221;|||&#8221;][et_pb_text admin_label=&#8221;Text&#8221; _builder_version=&#8221;4.27.4&#8243; background_size=&#8221;initial&#8221; background_position=&#8221;top_left&#8221; background_repeat=&#8221;repeat&#8221; global_colors_info=&#8221;{}&#8221;]<\/p>\n<h1>Imprint<\/h1>\n<p><strong style=\"color: #333333; font-family: 'Open Sans', 'Helvetica Neue', Helvetica, Arial, 'Lucida Grande', sans-serif; font-size: 16px; background-color: #ffffff;\"><span style=\"font-size: 14px;\"><span style=\"font-size: 16px;\"><span style=\"font-size: 12px;\">Legal provider identification:<\/span><\/span><\/span><\/strong><\/p>\n<p><strong style=\"color: #333333; font-family: 'Open Sans', 'Helvetica Neue', Helvetica, Arial, 'Lucida Grande', sans-serif; font-size: 16px; background-color: #ffffff;\"> <\/strong><\/p>\n<p><strong style=\"color: #333333; font-family: 'Open Sans', 'Helvetica Neue', Helvetica, Arial, 'Lucida Grande', sans-serif; font-size: 16px; background-color: #ffffff;\"><span style=\"font-size: 14px;\">LMW Leichtmetallguss GmbH<br \/>represented by Managing directors Jacqueline L\u00f6ffler and Maximilian L\u00f6ffler<\/span><br \/><span style=\"font-size: 14px;\">H\u00f6nnestra\u00dfe 59<br \/>58809 Neuenrade<br \/>Germany<\/span><br \/><span style=\"font-size: 14px;\">phone: +49 239491890<\/span><br \/><span style=\"font-size: 14px;\">E-Mail: <\/span><span style=\"font-size: 14px;\">eurolux@lmw-leichtmetall.de<br \/>USt-IdNr.: DE123839113<\/span><\/strong><br style=\"color: #333333; font-family: 'Open Sans', 'Helvetica Neue', Helvetica, Arial, 'Lucida Grande', sans-serif;\"><strong style=\"color: #333333; font-family: 'Open Sans', 'Helvetica Neue', Helvetica, Arial, 'Lucida Grande', sans-serif; font-size: 16px; background-color: #ffffff;\"><span style=\"font-size: 14px;\">Registered in the Commercial Register of the Iserlohn Local Court<br \/>Commercial register number HRB 5236<\/span><\/strong><\/p>\n<p>[\/et_pb_text][\/et_pb_column][\/et_pb_row][\/et_pb_section]<\/p>\n","protected":false},"excerpt":{"rendered":"<p>Imprint Legal provider identification: LMW Leichtmetallguss GmbHrepresented by Managing directors Jacqueline L\u00f6ffler and Maximilian L\u00f6fflerH\u00f6nnestra\u00dfe 5958809 NeuenradeGermanyphone: +49 239491890E-Mail: eurolux@lmw-leichtmetall.deUSt-IdNr.: DE123839113Registered in the Commercial Register of the Iserlohn Local CourtCommercial register number HRB 5236<\/p>\n","protected":false},"author":1,"featured_media":0,"parent":0,"menu_order":0,"comment_status":"closed","ping_status":"closed","template":"","meta":{"_et_pb_use_builder":"on","_et_pb_old_content":"","_et_gb_content_width":"","footnotes":""},"class_list":["post-660","page","type-page","status-publish","hentry"],"_links":{"self":[{"href":"https:\/\/www.eurolux-cookware.com\/en\/wp-json\/wp\/v2\/pages\/660","targetHints":{"allow":["GET"]}}],"collection":[{"href":"https:\/\/www.eurolux-cookware.com\/en\/wp-json\/wp\/v2\/pages"}],"about":[{"href":"https:\/\/www.eurolux-cookware.com\/en\/wp-json\/wp\/v2\/types\/page"}],"author":[{"embeddable":true,"href":"https:\/\/www.eurolux-cookware.com\/en\/wp-json\/wp\/v2\/users\/1"}],"replies":[{"embeddable":true,"href":"https:\/\/www.eurolux-cookware.com\/en\/wp-json\/wp\/v2\/comments?post=660"}],"version-history":[{"count":9,"href":"https:\/\/www.eurolux-cookware.com\/en\/wp-json\/wp\/v2\/pages\/660\/revisions"}],"predecessor-version":[{"id":980,"href":"https:\/\/www.eurolux-cookware.com\/en\/wp-json\/wp\/v2\/pages\/660\/revisions\/980"}],"wp:attachment":[{"href":"https:\/\/www.eurolux-cookware.com\/en\/wp-json\/wp\/v2\/media?parent=660"}],"curies":[{"name":"wp","href":"https:\/\/api.w.org\/{rel}","templated":true}]}}